{"id":1173,"date":"2013-10-01T12:53:25","date_gmt":"2013-10-01T12:53:25","guid":{"rendered":"https:\/\/www.mellett-architects.com\/?page_id=1173"},"modified":"2020-04-20T13:38:42","modified_gmt":"2020-04-20T13:38:42","slug":"agence","status":"publish","type":"page","link":"https:\/\/www.mellett-architects.com\/fr\/agence\/","title":{"rendered":"AGENCE"},"content":{"rendered":"<p><\/p>\n<h4><span style=\"color: #333332;\">Patrick Mellett<\/span><\/h4>\n<h4><\/h4>\n<p>Dipl\u00f4m\u00e9 du Bolton Street College of Technology de Dublin, Patrick Mellett s&rsquo;installe en France pour travailler sur le mus\u00e9e d&rsquo;Orsay. Il collabore ensuite avec l&rsquo;\u00e9quipe d&rsquo;Ettore Sottsass (Memphis) \u00e0 Milan. En 1986, retour \u00e0 Paris o\u00f9 il fonde l&rsquo;agence Mellett Architects, qui s&rsquo;affirme bient\u00f4t au niveau international.<\/p>\n<h4><span style=\"color: #333333;\"><br class=\"clear\" \/>L&rsquo;\u00e9quipe<\/span><\/h4>\n<p id=\"c\">Rigoureuse, exp\u00e9riment\u00e9e, internationale et polyglotte, notre \u00e9quipe intervient \u00e0 tous niveaux, du design \u00e0 l&rsquo;architecture et r\u00e9pond \u00e0 tous les besoins en mati\u00e8re de b\u00e2timent.<\/p>\n<p>Mellett Architects vous accompagne dans l&rsquo;acquisition de votre bien immobilier (diagnostic du b\u00e2timent, d\u00e9marches administratives) et assure le suivi de tout le processus de construction: esquisses, avant-projet sommaire (A.P.S. ), avant-projet d\u00e9velopp\u00e9 (A.P.D.), permis de construire, d\u00e9tails de construction, descriptifs, analyses de co\u00fbt, suivi de chantier, etc.<\/p>\n<h4><span style=\"color: #333332;\"><br class=\"clear\" \/>Prix\u00a0<\/span><\/h4>\n<p>Premier prix en architecture commerciale &#8211; TopCom Consumer &#8211; France<\/p>\n<p>Premier prix, STRATEGIES &#8211; France<\/p>\n<p>Prix d&rsquo;excellence, American Institute of Architects \/ Europe<\/p>\n<p>Prix de la Biennale d&rsquo;architecture, Venise &#8211; Italie<\/p>\n<p>Mipim awards, Cannes &#8211; France<\/p>\n<p>&nbsp;<\/p>\n<h4><span style=\"color: #333332;\"><br class=\"clear\" \/><br class=\"clear\" \/>Publications<\/span><\/h4>\n<p>D\u00e9coration International (FR)<\/p>\n<p>Philips and the Youth, Sottsass Assoc. Memphis (IT)<\/p>\n<p>Terza Mostra Internationale di Architectura (IT)<\/p>\n<p>Vogue Italia Pelle (IT)<\/p>\n<p>Maison et Jardin (FR)<\/p>\n<p>Biba (FR)<\/p>\n<p>D\u00e9p\u00eache Mode (FR)<\/p>\n<p>Wacoa (JP)<\/p>\n<p>Architecture Aujourd&rsquo;hui (FR)<\/p>\n<p>Cr\u00e9e Architecture (FR)<\/p>\n<p>Irish Times (IRL)<\/p>\n<p>A.M.C. Moniteur (FR)<\/p>\n<p>Irish Eyes (IR)<\/p>\n<p>R.I.A.I. Review (IR)<\/p>\n<p>CB NEWS (FR)<\/p>\n<p>&nbsp;<\/p>\n<h4><span style=\"color: #333332;\"><br class=\"clear\" \/>Expositions personnelles<\/span><\/h4>\n<p>Cork Vision Center, Cork &#8211; Irlande<\/p>\n<p>Royal Institute of Irish Architects, Dublin &#8211; Irlande<\/p>\n<p>Coll\u00e8ge des Irlandais, Paris &#8211; France<\/p>\n<p>Five Venu Exhibition\u00a0&#8211; Irlande<\/p>\n<p>&nbsp;<\/p>\n<h4><span style=\"color: #333332;\"><br class=\"clear\" \/>Divers<\/span><\/h4>\n<p>Membre fondateur de\u00a0\u00a0\u00ab\u00a0Friends of E.1027 Foundation\u00a0\u00bb, New York &#8211; USA 1999<\/p>\n<p>Pr\u00e9sident\u00a0de la\u00a0Chambre de Commerce Franco-Irlandaise 2007- 2010<\/p>\n<p>Membre fondateur\u00a0du \u00ab\u00a0Network Ireland\u00a0\u00bb &#8211; France<\/p>\n<p>Conf\u00e9rencier \u00e0\u00a0\u00a0l&rsquo;Ecole Sup\u00e9rieure du Design Industriel, Paris &#8211; France<\/p>\n<p>&nbsp;<\/p>\n<p>&nbsp;<\/p>\n<p>&nbsp;<\/p>\n<p>&nbsp;<\/p>\n<p>&nbsp;<\/p>\n<p>&nbsp;<\/p>\n<p>&nbsp;<\/p>\n<p>&nbsp;<\/p>\n<p>&nbsp;<\/p>\n<p>&nbsp;<\/p>\n<p>&nbsp;<\/p>\n<h4><\/h4>\n<p>&nbsp;<\/p>","protected":false},"excerpt":{"rendered":"<p>Patrick Mellett Dipl\u00f4m\u00e9 du Bolton Street College of Technology de Dublin, Patrick Mellett s&rsquo;installe en France pour travailler sur le [&hellip;]<\/p>\n","protected":false},"author":1,"featured_media":0,"parent":0,"menu_order":4,"comment_status":"closed","ping_status":"closed","template":"","meta":{"_bbp_topic_count":0,"_bbp_reply_count":0,"_bbp_total_topic_count":0,"_bbp_total_reply_count":0,"_bbp_voice_count":0,"_bbp_anonymous_reply_count":0,"_bbp_topic_count_hidden":0,"_bbp_reply_count_hidden":0,"_bbp_forum_subforum_count":0,"footnotes":""},"class_list":["post-1173","page","type-page","status-publish","hentry"],"_links":{"self":[{"href":"https:\/\/www.mellett-architects.com\/fr\/wp-json\/wp\/v2\/pages\/1173","targetHints":{"allow":["GET"]}}],"collection":[{"href":"https:\/\/www.mellett-architects.com\/fr\/wp-json\/wp\/v2\/pages"}],"about":[{"href":"https:\/\/www.mellett-architects.com\/fr\/wp-json\/wp\/v2\/types\/page"}],"author":[{"embeddable":true,"href":"https:\/\/www.mellett-architects.com\/fr\/wp-json\/wp\/v2\/users\/1"}],"replies":[{"embeddable":true,"href":"https:\/\/www.mellett-architects.com\/fr\/wp-json\/wp\/v2\/comments?post=1173"}],"version-history":[{"count":88,"href":"https:\/\/www.mellett-architects.com\/fr\/wp-json\/wp\/v2\/pages\/1173\/revisions"}],"predecessor-version":[{"id":2007,"href":"https:\/\/www.mellett-architects.com\/fr\/wp-json\/wp\/v2\/pages\/1173\/revisions\/2007"}],"wp:attachment":[{"href":"https:\/\/www.mellett-architects.com\/fr\/wp-json\/wp\/v2\/media?parent=1173"}],"curies":[{"name":"wp","href":"https:\/\/api.w.org\/{rel}","templated":true}]}}