{"id":1830,"date":"2018-01-22T16:01:14","date_gmt":"2018-01-22T16:01:14","guid":{"rendered":"https:\/\/www.mellett-architects.com\/?page_id=1830"},"modified":"2018-01-23T10:36:39","modified_gmt":"2018-01-23T10:36:39","slug":"mentions-legales","status":"publish","type":"page","link":"https:\/\/www.mellett-architects.com\/fr\/mentions-legales\/","title":{"rendered":"Mentions l\u00e9gales"},"content":{"rendered":"<p style=\"font-weight: 400;\"><strong>DROIT D\u2019AUTEUR &amp; COPYRIGHT\u00a0:<\/strong><\/p>\n<p style=\"font-weight: 400;\">Ce site internet rel\u00e8ve de la l\u00e9gislation fran\u00e7aise et internationale sur le droit d\u2019auteur et la propri\u00e9t\u00e9 intellectuelle.<br class=\"clear\" \/>Il est \u00e9dit\u00e9 par :<br \/>\n<strong>Mellett Architects.<br class=\"clear\" \/><\/strong><strong>6 rue du Roi Dor\u00e9<\/strong><br class=\"clear\" \/><strong>Paris, France 75003<\/strong><br class=\"clear\" \/><strong>T. +33 1 48 87 39 39<\/strong><br class=\"clear\" \/><strong>F. +33 1 48 87 47 00<\/strong><br class=\"clear\" \/><strong>info@mellett-architects.com<\/strong><\/p>\n<p style=\"font-weight: 400;\"><br class=\"clear\" \/>Aucune exploitation commerciale m\u00eame partielle du site et de son contenu ne pourra \u00eatre effectu\u00e9e sans l\u2019accord pr\u00e9alable et \u00e9crit de Mellett Architects.<br \/>\nL\u2019ensemble de ce site constitue une \u0153uvre\u00a0prot\u00e9g\u00e9e par les lois en vigueur sur la propri\u00e9t\u00e9 intellectuelle. Aucune reproduction et\/ou repr\u00e9sentation, partielle ou int\u00e9grale, ne pourra en \u00eatre faite sans l\u2019accord pr\u00e9alable et \u00e9crit de Mellett Architects.<\/p>\n<p style=\"font-weight: 400;\"><br class=\"clear\" \/>Les noms, marques et enseignes cit\u00e9s sur ce site sont la propri\u00e9t\u00e9 de leurs d\u00e9posants respectifs.<\/p>\n<p style=\"font-weight: 400;\"><strong><br class=\"clear\" \/>RESPONSABLE \u00c9DITORIAL\u00a0:<\/strong><br \/>\nPatrick Mellett<br \/>\n<strong><br class=\"clear\" \/>CR\u00c9DITS PHOTOGRAPHIQUES\u00a0:<\/strong><br \/>\nMauro Davoli, Mellett Architects<\/p>\n<p style=\"font-weight: 400;\"><strong><br class=\"clear\" \/>WEBDESIGN, CONCEPTION, INT\u00c9GRATION\u00a0:<\/strong><br \/>\n<a href=\"http:\/\/www.alanducarre.com\" target=\"_blank\" rel=\"noopener noreferrer\">www.alanducarre.com<\/a><\/p>\n<p style=\"font-weight: 400;\"><strong><br class=\"clear\" \/>H\u00c9BERGEMENT :<\/strong><br \/>\n<a href=\"http:\/\/www.netvolution.fr\" target=\"_blank\" rel=\"noopener noreferrer\">www.netvolution.fr<\/a><\/p>\n","protected":false},"excerpt":{"rendered":"<p>DROIT D\u2019AUTEUR &amp; COPYRIGHT\u00a0: Ce site internet rel\u00e8ve de la l\u00e9gislation fran\u00e7aise et internationale sur le droit d\u2019auteur et la [&hellip;]<\/p>\n","protected":false},"author":1,"featured_media":0,"parent":0,"menu_order":7,"comment_status":"closed","ping_status":"closed","template":"","meta":{"_bbp_topic_count":0,"_bbp_reply_count":0,"_bbp_total_topic_count":0,"_bbp_total_reply_count":0,"_bbp_voice_count":0,"_bbp_anonymous_reply_count":0,"_bbp_topic_count_hidden":0,"_bbp_reply_count_hidden":0,"_bbp_forum_subforum_count":0,"footnotes":""},"class_list":["post-1830","page","type-page","status-publish","hentry"],"_links":{"self":[{"href":"https:\/\/www.mellett-architects.com\/fr\/wp-json\/wp\/v2\/pages\/1830","targetHints":{"allow":["GET"]}}],"collection":[{"href":"https:\/\/www.mellett-architects.com\/fr\/wp-json\/wp\/v2\/pages"}],"about":[{"href":"https:\/\/www.mellett-architects.com\/fr\/wp-json\/wp\/v2\/types\/page"}],"author":[{"embeddable":true,"href":"https:\/\/www.mellett-architects.com\/fr\/wp-json\/wp\/v2\/users\/1"}],"replies":[{"embeddable":true,"href":"https:\/\/www.mellett-architects.com\/fr\/wp-json\/wp\/v2\/comments?post=1830"}],"version-history":[{"count":15,"href":"https:\/\/www.mellett-architects.com\/fr\/wp-json\/wp\/v2\/pages\/1830\/revisions"}],"predecessor-version":[{"id":1848,"href":"https:\/\/www.mellett-architects.com\/fr\/wp-json\/wp\/v2\/pages\/1830\/revisions\/1848"}],"wp:attachment":[{"href":"https:\/\/www.mellett-architects.com\/fr\/wp-json\/wp\/v2\/media?parent=1830"}],"curies":[{"name":"wp","href":"https:\/\/api.w.org\/{rel}","templated":true}]}}